{"id":155,"date":"2023-10-03T09:33:27","date_gmt":"2023-10-03T09:33:27","guid":{"rendered":"https:\/\/4c-inkjet.com\/?page_id=155"},"modified":"2025-06-23T08:57:32","modified_gmt":"2025-06-23T07:57:32","slug":"impressum","status":"publish","type":"page","link":"https:\/\/www.profi-tec.com\/en\/impressum\/","title":{"rendered":"Imprint"},"content":{"rendered":"<p><strong>HERAUSGEBER<\/strong><\/p>\n\n\n\n<p>profi-jet GmbH \/ profi-tec GmbH<\/p>\n\n\n\n<p><strong>ANSCHRIFT<\/strong><\/p>\n\n\n\n<p>profi-tec GmbH<br>Birkenallee 141<br>48432 Rheine<\/p>\n\n\n\n<p><br><strong>KONTAKT<\/strong><\/p>\n\n\n\n<p>Tel.: +49 (0) 5971\/89 863-10<br>Fax: +49 (0) 5971\/89 863-1<br>E-Mail: info@profi-tec.com<\/p>\n\n\n\n<p>Registergericht: Amtsgericht Steinfurt<br>Registernummer: HRB 10012<\/p>\n\n\n\n<p>UST-IDNR. DE289431527<\/p>\n\n\n\n<p><\/p>\n\n\n\n<p><strong>WEBSITE<\/strong><\/p>\n\n\n\n<p>www.profi-tec.com<\/p>\n\n\n\n<p><strong>GESCH\u00c4FTSF\u00dcHRUNG<\/strong><\/p>\n\n\n\n<p>Michel Strippoli<\/p>\n\n\n\n<p><\/p>\n\n\n\n<p><a href=\"http:\/\/www.iscope.de\/\"><br><\/a><\/p>\n\n\n\n<p><strong>NUTZUNG VON ANALYTICS<\/strong><\/p>\n\n\n\n<p>Diese Website benutzt Google Analytics, einen Webanalysedienst der Google Inc. (&#8222;Google&#8220;). Auch Google Analytics verwendet Cookies, Textdateien, die auf Ihrem Computer gespeichert werden und die eine Analyse der Benutzung der Website durch Sie erm\u00f6glichen. Die durch den Google-Cookie erzeugten Informationen \u00fcber Ihre Benutzung dieser Website (einschlie\u00dflich Ihrer IP-Adresse) wird an einen Server von Google in den USA \u00fcbertragen und dort gespeichert. Google wird diese Informationen benutzen, um Ihre Nutzung der Website auszuwerten, um Reports \u00fcber die Websiteaktivit\u00e4ten f\u00fcr uns zusammenzustellen und um weitere mit der Websitenutzung und der Internetnutzung verbundene Dienstleistungen zu erbringen. Auch wird Google diese Informationen gegebenenfalls an Dritte \u00fcbertragen, sofern dies gesetzlich vorgeschrieben oder soweit Dritte diese Daten im Auftrag von Google verarbeiten. Google wird in keinem Fall Ihre IP-Adresse mit anderen Daten der Google in Verbindung bringen. Sie k\u00f6nnen die Installation der Cookies durch eine entsprechende Einstellung Ihrer Browser Software verhindern; wir weisen Sie jedoch darauf hin, dass Sie in diesem Fall gegebenenfalls nicht s\u00e4mtliche Funktionen dieser Website vollumf\u00e4nglich nutzen k\u00f6nnen. Durch die Nutzung dieser Website erkl\u00e4ren Sie sich mit der Bearbeitung der \u00fcber Sie erhobenen Daten durch Google in der zuvor beschriebenen Art und Weise und zu dem zuvor benannten Zweck einverstanden.<br><br>Wir m\u00f6chten Sie darauf hinweisen, dass unsere Website zur Verbesserung des Datenschutzes Google Analytics mit der Erweiterung &#8222;_anonymizeIp()&#8220; verwendet. IP-Adressen werden daher nur gek\u00fcrzt erfasst und weiterverarbeitet. Damit ist eine direkte Personenbeziehbarkeit bei der Analyse der Nutzung unserer Website ausgeschlossen und wird den Anforderungen des D\u00fcsseldorfer Kreises gerecht.<br><br>Unabh\u00e4ngig von der oben beschriebenen M\u00f6glichkeit, Ihren Browser so einzustellen, dass das Setzen von Cookies verhindert wird, k\u00f6nnen Sie nun das Setzen der Google Analytics-Cookies durch die Erweiterung Ihres Browsers ablehnen. Damit k\u00f6nnen Sie Ihr Recht wahrnehmen, der Datenerhebung, -verarbeitung und -nutzung durch Google Analytics mit Wirkung f\u00fcr die Zukunft zu widersprechen. Hierzu k\u00f6nnen Sie das Deaktivierungs-Add-on f\u00fcr Browser von Google Analytics installieren. Damit verhindern Sie, dass Google Analytics Informationen \u00fcber Ihre Website-Besuche speichert.<br><br>Weitere Informationen sowie Hinweise zum Download und zur Installation dieses Deaktivierungs-Add-on finden Sie hier.<\/p>","protected":false},"excerpt":{"rendered":"<p>HERAUSGEBER profi-jet GmbH \/ profi-tec GmbH ANSCHRIFT profi-tec GmbHBirkenallee 14148432 Rheine KONTAKT Tel.: +49 (0) 5971\/89 863-10Fax: +49 (0) 5971\/89 863-1E-Mail: info@profi-tec.com Registergericht: Amtsgericht SteinfurtRegisternummer: HRB 10012 UST-IDNR. DE289431527 WEBSITE www.profi-tec.com GESCH\u00c4FTSF\u00dcHRUNG Michel Strippoli NUTZUNG VON ANALYTICS Diese Website benutzt Google Analytics, einen Webanalysedienst der Google Inc. (&#8222;Google&#8220;). Auch Google Analytics verwendet Cookies, Textdateien, die [&hellip;]<\/p>","protected":false},"author":1,"featured_media":0,"parent":0,"menu_order":0,"comment_status":"closed","ping_status":"closed","template":"","meta":{"saved_in_kubio":true,"footnotes":""},"class_list":["post-155","page","type-page","status-publish","hentry"],"kubio_ai_page_context":{"short_desc":"","purpose":"general"},"yoast_head":"<!-- This site is optimized with the Yoast SEO plugin v26.1.1 - https:\/\/yoast.com\/wordpress\/plugins\/seo\/ -->\n<title>Impressum - profi-tec<\/title>\n<meta name=\"robots\" content=\"index, follow, max-snippet:-1, max-image-preview:large, max-video-preview:-1\" \/>\n<link rel=\"canonical\" href=\"https:\/\/www.profi-tec.com\/en\/impressum\/\" \/>\n<meta property=\"og:locale\" content=\"en_US\" \/>\n<meta property=\"og:type\" content=\"article\" \/>\n<meta property=\"og:title\" content=\"Impressum - profi-tec\" \/>\n<meta property=\"og:description\" content=\"HERAUSGEBER profi-jet GmbH \/ profi-tec GmbH ANSCHRIFT profi-tec GmbHBirkenallee 14148432 Rheine KONTAKT Tel.: +49 (0) 5971\/89 863-10Fax: +49 (0) 5971\/89 863-1E-Mail: info@profi-tec.com Registergericht: Amtsgericht SteinfurtRegisternummer: HRB 10012 UST-IDNR. DE289431527 WEBSITE www.profi-tec.com GESCH\u00c4FTSF\u00dcHRUNG Michel Strippoli NUTZUNG VON ANALYTICS Diese Website benutzt Google Analytics, einen Webanalysedienst der Google Inc. (&#8222;Google&#8220;). Auch Google Analytics verwendet Cookies, Textdateien, die [&hellip;]\" \/>\n<meta property=\"og:url\" content=\"https:\/\/www.profi-tec.com\/en\/impressum\/\" \/>\n<meta property=\"og:site_name\" content=\"profi-tec\" \/>\n<meta property=\"article:modified_time\" content=\"2025-06-23T07:57:32+00:00\" \/>\n<meta name=\"twitter:card\" content=\"summary_large_image\" \/>\n<meta name=\"twitter:label1\" content=\"Est. reading time\" \/>\n\t<meta name=\"twitter:data1\" content=\"2 minutes\" \/>\n<script type=\"application\/ld+json\" class=\"yoast-schema-graph\">{\"@context\":\"https:\/\/schema.org\",\"@graph\":[{\"@type\":\"WebPage\",\"@id\":\"https:\/\/www.profi-tec.com\/impressum\/\",\"url\":\"https:\/\/www.profi-tec.com\/impressum\/\",\"name\":\"Impressum - profi-tec\",\"isPartOf\":{\"@id\":\"https:\/\/www.profi-tec.com\/#website\"},\"datePublished\":\"2023-10-03T09:33:27+00:00\",\"dateModified\":\"2025-06-23T07:57:32+00:00\",\"breadcrumb\":{\"@id\":\"https:\/\/www.profi-tec.com\/impressum\/#breadcrumb\"},\"inLanguage\":\"en-US\",\"potentialAction\":[{\"@type\":\"ReadAction\",\"target\":[\"https:\/\/www.profi-tec.com\/impressum\/\"]}]},{\"@type\":\"BreadcrumbList\",\"@id\":\"https:\/\/www.profi-tec.com\/impressum\/#breadcrumb\",\"itemListElement\":[{\"@type\":\"ListItem\",\"position\":1,\"name\":\"Startseite\",\"item\":\"https:\/\/www.profi-tec.com\/\"},{\"@type\":\"ListItem\",\"position\":2,\"name\":\"Impressum\"}]},{\"@type\":\"WebSite\",\"@id\":\"https:\/\/www.profi-tec.com\/#website\",\"url\":\"https:\/\/www.profi-tec.com\/\",\"name\":\"Profi-tec GmbH & Co. KG\",\"description\":\"Professionelle Inkjet-Technik.\",\"publisher\":{\"@id\":\"https:\/\/www.profi-tec.com\/#organization\"},\"alternateName\":\"Profi-tec\",\"potentialAction\":[{\"@type\":\"SearchAction\",\"target\":{\"@type\":\"EntryPoint\",\"urlTemplate\":\"https:\/\/www.profi-tec.com\/?s={search_term_string}\"},\"query-input\":{\"@type\":\"PropertyValueSpecification\",\"valueRequired\":true,\"valueName\":\"search_term_string\"}}],\"inLanguage\":\"en-US\"},{\"@type\":\"Organization\",\"@id\":\"https:\/\/www.profi-tec.com\/#organization\",\"name\":\"Profitec\",\"url\":\"https:\/\/www.profi-tec.com\/\",\"logo\":{\"@type\":\"ImageObject\",\"inLanguage\":\"en-US\",\"@id\":\"https:\/\/www.profi-tec.com\/#\/schema\/logo\/image\/\",\"url\":\"https:\/\/profi-tec.com\/wp-content\/uploads\/2023\/10\/cropped-WhatsApp-Image-2023-10-05-at-11.15.02.jpeg\",\"contentUrl\":\"https:\/\/profi-tec.com\/wp-content\/uploads\/2023\/10\/cropped-WhatsApp-Image-2023-10-05-at-11.15.02.jpeg\",\"width\":512,\"height\":512,\"caption\":\"Profitec\"},\"image\":{\"@id\":\"https:\/\/www.profi-tec.com\/#\/schema\/logo\/image\/\"}}]}<\/script>\n<!-- \/ Yoast SEO plugin. -->","yoast_head_json":{"title":"Impressum - profi-tec","robots":{"index":"index","follow":"follow","max-snippet":"max-snippet:-1","max-image-preview":"max-image-preview:large","max-video-preview":"max-video-preview:-1"},"canonical":"https:\/\/www.profi-tec.com\/en\/impressum\/","og_locale":"en_US","og_type":"article","og_title":"Impressum - profi-tec","og_description":"HERAUSGEBER profi-jet GmbH \/ profi-tec GmbH ANSCHRIFT profi-tec GmbHBirkenallee 14148432 Rheine KONTAKT Tel.: +49 (0) 5971\/89 863-10Fax: +49 (0) 5971\/89 863-1E-Mail: info@profi-tec.com Registergericht: Amtsgericht SteinfurtRegisternummer: HRB 10012 UST-IDNR. DE289431527 WEBSITE www.profi-tec.com GESCH\u00c4FTSF\u00dcHRUNG Michel Strippoli NUTZUNG VON ANALYTICS Diese Website benutzt Google Analytics, einen Webanalysedienst der Google Inc. (&#8222;Google&#8220;). Auch Google Analytics verwendet Cookies, Textdateien, die [&hellip;]","og_url":"https:\/\/www.profi-tec.com\/en\/impressum\/","og_site_name":"profi-tec","article_modified_time":"2025-06-23T07:57:32+00:00","twitter_card":"summary_large_image","twitter_misc":{"Est. reading time":"2 minutes"},"schema":{"@context":"https:\/\/schema.org","@graph":[{"@type":"WebPage","@id":"https:\/\/www.profi-tec.com\/impressum\/","url":"https:\/\/www.profi-tec.com\/impressum\/","name":"Impressum - profi-tec","isPartOf":{"@id":"https:\/\/www.profi-tec.com\/#website"},"datePublished":"2023-10-03T09:33:27+00:00","dateModified":"2025-06-23T07:57:32+00:00","breadcrumb":{"@id":"https:\/\/www.profi-tec.com\/impressum\/#breadcrumb"},"inLanguage":"en-US","potentialAction":[{"@type":"ReadAction","target":["https:\/\/www.profi-tec.com\/impressum\/"]}]},{"@type":"BreadcrumbList","@id":"https:\/\/www.profi-tec.com\/impressum\/#breadcrumb","itemListElement":[{"@type":"ListItem","position":1,"name":"Startseite","item":"https:\/\/www.profi-tec.com\/"},{"@type":"ListItem","position":2,"name":"Impressum"}]},{"@type":"WebSite","@id":"https:\/\/www.profi-tec.com\/#website","url":"https:\/\/www.profi-tec.com\/","name":"Profi-tec GmbH & Co. KG","description":"Professionelle Inkjet-Technik.","publisher":{"@id":"https:\/\/www.profi-tec.com\/#organization"},"alternateName":"Profi-tec","potentialAction":[{"@type":"SearchAction","target":{"@type":"EntryPoint","urlTemplate":"https:\/\/www.profi-tec.com\/?s={search_term_string}"},"query-input":{"@type":"PropertyValueSpecification","valueRequired":true,"valueName":"search_term_string"}}],"inLanguage":"en-US"},{"@type":"Organization","@id":"https:\/\/www.profi-tec.com\/#organization","name":"Profitec","url":"https:\/\/www.profi-tec.com\/","logo":{"@type":"ImageObject","inLanguage":"en-US","@id":"https:\/\/www.profi-tec.com\/#\/schema\/logo\/image\/","url":"https:\/\/profi-tec.com\/wp-content\/uploads\/2023\/10\/cropped-WhatsApp-Image-2023-10-05-at-11.15.02.jpeg","contentUrl":"https:\/\/profi-tec.com\/wp-content\/uploads\/2023\/10\/cropped-WhatsApp-Image-2023-10-05-at-11.15.02.jpeg","width":512,"height":512,"caption":"Profitec"},"image":{"@id":"https:\/\/www.profi-tec.com\/#\/schema\/logo\/image\/"}}]}},"_links":{"self":[{"href":"https:\/\/www.profi-tec.com\/en\/wp-json\/wp\/v2\/pages\/155","targetHints":{"allow":["GET"]}}],"collection":[{"href":"https:\/\/www.profi-tec.com\/en\/wp-json\/wp\/v2\/pages"}],"about":[{"href":"https:\/\/www.profi-tec.com\/en\/wp-json\/wp\/v2\/types\/page"}],"author":[{"embeddable":true,"href":"https:\/\/www.profi-tec.com\/en\/wp-json\/wp\/v2\/users\/1"}],"replies":[{"embeddable":true,"href":"https:\/\/www.profi-tec.com\/en\/wp-json\/wp\/v2\/comments?post=155"}],"version-history":[{"count":7,"href":"https:\/\/www.profi-tec.com\/en\/wp-json\/wp\/v2\/pages\/155\/revisions"}],"predecessor-version":[{"id":2000,"href":"https:\/\/www.profi-tec.com\/en\/wp-json\/wp\/v2\/pages\/155\/revisions\/2000"}],"wp:attachment":[{"href":"https:\/\/www.profi-tec.com\/en\/wp-json\/wp\/v2\/media?parent=155"}],"curies":[{"name":"wp","href":"https:\/\/api.w.org\/{rel}","templated":true}]}}